{"id":1799,"date":"2021-11-24T08:46:41","date_gmt":"2021-11-24T07:46:41","guid":{"rendered":"https:\/\/www.1000liter.de\/?page_id=1799"},"modified":"2023-04-25T09:12:39","modified_gmt":"2023-04-25T07:12:39","slug":"conditions","status":"publish","type":"page","link":"https:\/\/www.1000liter.de\/en\/conditions\/","title":{"rendered":"Conditions"},"content":{"rendered":"<p><span style=\"font-size: 18px;\"><strong>Allgemeine Gesch\u00e4ftsbedingungen und Kundeninformationen<\/strong><\/span><\/p>\n<p><span style=\"font-size: 16px;\"><strong>I. Allgemeine Gesch\u00e4ftsbedingungen<\/strong><\/span><\/p>\n<p><span style=\"font-size: 16px;\"><strong>\u00a7 1 Grundlegende Bestimmungen<\/strong><\/span><\/p>\n<p><span style=\"font-size: 14px;\"><strong>(1)<\/strong> Die nachstehenden Gesch\u00e4ftsbedingungen gelten f\u00fcr Vertr\u00e4ge, die Sie mit uns als Anbieter <strong>(<span style=\"font-size: 14px;\"><span style=\"font-size: 14px;\">Die A GmbH<\/span><\/span>)<\/strong> \u00fcber die Internetseite https:\/\/www.1000liter.de schlie\u00dfen. Soweit nicht anders vereinbart, wird der Einbeziehung gegebenenfalls von Ihnen verwendeter eigener Bedingungen widersprochen.<\/span><\/p>\n<p><span style=\"font-size: 14px;\"><strong>(2)<\/strong> Verbraucher im Sinne der nachstehenden Regelungen ist jede nat\u00fcrliche Person, die ein Rechtsgesch\u00e4ft zu Zwecken abschlie\u00dft, die \u00fcberwiegend weder ihrer gewerblichen noch ihrer selbst\u00e4ndigen beruflichen T\u00e4tigkeit zugerechnet werden kann. Unternehmer ist jede nat\u00fcrliche oder juristische Person oder eine rechtsf\u00e4hige Personengesellschaft, die bei Abschluss eines Rechtsgesch\u00e4fts in Aus\u00fcbung ihrer selbst\u00e4ndigen beruflichen oder gewerblichen T\u00e4tigkeit handelt.<\/span><\/p>\n<p><span style=\"font-size: 16px;\"><strong>\u00a7 2 Zustandekommen des Vertrages<\/strong><\/span><\/p>\n<p><span style=\"font-size: 14px;\"><strong>(1)<\/strong> Gegenstand des Vertrages ist der Verkauf von Waren<\/span><span style=\"font-size: 14px;\"><span style=\"font-size: 14px;\">\u00a0<\/span><\/span><span style=\"font-size: 14px;\">.<\/span><\/p>\n<p><span style=\"font-size: 14px;\"><strong>(2)<\/strong> Bereits mit dem Einstellen des jeweiligen Produkts auf unserer Internetseite unterbreiten wir Ihnen ein verbindliches Angebot zum Abschluss eines Vertrages \u00fcber das Online-Warenkorbsystem zu den in der Artikelbeschreibung angegebenen Bedingungen.<\/span><\/p>\n<p><span style=\"font-size: 14px;\"><strong>(3)<\/strong> Der Vertrag kommt \u00fcber das Online-Warenkorbsystem wie folgt zustande:<br \/>\nDie zum Kauf beabsichtigten Waren werden im &#8220;Warenkorb&#8221; abgelegt. \u00dcber die entsprechende Schaltfl\u00e4che in der Navigationsleiste k\u00f6nnen Sie den &#8220;Warenkorb&#8221; aufrufen und dort jederzeit \u00c4nderungen vornehmen.<br \/>\nNach Aufrufen der Seite &#8220;Kasse&#8221; und der Eingabe der pers\u00f6nlichen Daten sowie der Zahlungs- und Versandbedingungen werden Ihnen abschlie\u00dfend die Bestelldaten als Bestell\u00fcbersicht angezeigt.<\/span><\/p>\n<p><span style=\"font-size: 14px;\">Soweit Sie als Zahlungsart ein Sofortzahl-System (z.B. PayPal \/ PayPal Express, Amazon-Payments, Sofort\u00fcberweisung) nutzen, werden Sie entweder auf die Bestell\u00fcbersichtsseite in unserem Online-Shop gef\u00fchrt oder auf die Internetseite des Anbieters des Sofortzahl-Systems weitergeleitet.<br \/>\nErfolgt eine Weiterleitung zu dem jeweiligen Sofortzahl-System, nehmen Sie dort die entsprechende Auswahl bzw. Eingabe Ihrer Daten vor. Abschlie\u00dfend werden Ihnen auf der Internetseite des Anbieters des Sofortzahl-Systems oder nachdem Sie zur\u00fcck in unseren Online-Shop geleitet wurden, die Bestelldaten als Bestell\u00fcbersicht angezeigt.<\/span><\/p>\n<p><span style=\"font-size: 14px;\">Vor Absenden der Bestellung haben Sie die M\u00f6glichkeit, die Angaben in der Bestell\u00fcbersicht nochmals zu \u00fcberpr\u00fcfen, zu \u00e4ndern (auch \u00fcber die Funktion &#8220;zur\u00fcck&#8221; des Internetbrowsers) bzw. die Bestellung abzubrechen. <\/span><br \/>\n<span style=\"font-size: 14px;\">Mit dem Absenden der Bestellung \u00fcber die entsprechende Schaltfl\u00e4che (&#8220;kaufen&#8221; oder \u00e4hnliche Bezeichnung) erkl\u00e4ren Sie rechtsverbindlich die Annahme des Angebotes, wodurch der Vertrag zustande kommt. <\/span><\/p>\n<p><span style=\"font-size: 14px;\"><strong>(4)<\/strong> Die Abwicklung der Bestellung und \u00dcbermittlung aller im Zusammenhang mit dem Vertragsschluss erforderlichen Informationen erfolgt per E-Mail zum Teil automatisiert. Sie haben deshalb sicherzustellen, dass die von Ihnen bei uns hinterlegte E-Mail-Adresse zutreffend ist, der Empfang der E-Mails technisch sichergestellt und insbesondere nicht durch SPAM-Filter verhindert wird.<\/span><\/p>\n<p><strong><span style=\"font-size: 16px;\">\u00a7 3 Zur\u00fcckbehaltungsrecht<\/span><\/strong><strong><span style=\"font-size: 16px;\">, Eigentumsvorbehalt<\/span><\/strong><\/p>\n<p><span style=\"font-size: 14px;\"><strong>(1)<\/strong> Ein Zur\u00fcckbehaltungsrecht k\u00f6nnen Sie nur aus\u00fcben, soweit es sich um Forderungen aus demselben Vertragsverh\u00e4ltnis handelt.<\/span><\/p>\n<p><span style=\"font-size: 14px;\"><strong>(2)<\/strong> \u00a0Die Ware bleibt bis zur vollst\u00e4ndigen Zahlung des Kaufpreises unser Eigentum.<\/span><\/p>\n<p><span style=\"font-size: 14px;\"><strong>(3)<\/strong>\u00a0 Sind Sie Unternehmer, gilt erg\u00e4nzend Folgendes:<\/span><\/p>\n<p>a) Wir behalten uns das Eigentum an der Ware bis zum vollst\u00e4ndigen Ausgleich aller Forderungen aus der laufenden Gesch\u00e4ftsbeziehung vor. Vor \u00dcbergang des Eigentums an der Vorbehaltsware ist eine Verpf\u00e4ndung oder Sicherheits\u00fcbereignung nicht zul\u00e4ssig.<\/p>\n<p>b) Sie k\u00f6nnen die Ware im ordentlichen Gesch\u00e4ftsgang weiterverkaufen. F\u00fcr diesen Fall treten Sie bereits jetzt alle Forderungen in H\u00f6he des Rechnungsbetrages, die Ihnen aus dem Weiterverkauf erwachsen, an uns ab, wir nehmen die Abtretung an. Sie sind weiter zur Einziehung der Forderung erm\u00e4chtigt. Soweit Sie Ihren Zahlungsverpflichtungen nicht ordnungsgem\u00e4\u00df nachkommen, behalten wir uns allerdings vor, die Forderung selbst einzuziehen.<\/p>\n<p>c) Bei Verbindung und Vermischung der Vorbehaltsware erwerben wir Miteigentum an der neuen Sache im Verh\u00e4ltnis des Rechnungswertes der Vorbehaltsware zu den anderen verarbeiteten Gegenst\u00e4nden zum Zeitpunkt der Verarbeitung.<\/p>\n<p>d) Wir verpflichten uns, die uns zustehenden Sicherheiten auf Ihr Verlangen insoweit freizugeben, als der realisierbare Wert unserer Sicherheiten die zu sichernde Forderung um mehr als 10% \u00fcbersteigt. Die Auswahl der freizugebenden Sicherheiten obliegt uns.<\/p>\n<p><strong><span style=\"font-size: 16px;\">\u00a7 4 Gew\u00e4hrleistung<\/span><\/strong><\/p>\n<p><span style=\"font-size: 14px;\"><strong>(1) <\/strong>Es bestehen die gesetzlichen M\u00e4ngelhaftungsrechte.<\/span><\/p>\n<p><strong><span style=\"font-size: 14px;\">(2)<\/span><\/strong><span style=\"font-size: 14px;\">\u00a0Als Verbraucher werden Sie gebeten, die Sache bei Lieferung umgehend auf Vollst\u00e4ndigkeit, offensichtliche M\u00e4ngel und Transportsch\u00e4den zu \u00fcberpr\u00fcfen und uns sowie dem Spediteur Beanstandungen schnellstm\u00f6glich mitzuteilen. Kommen Sie dem nicht nach, hat dies keine Auswirkung auf Ihre gesetzlichen Gew\u00e4hrleistungsanspr\u00fcche.<\/span><\/p>\n<p><span style=\"font-size: 14px;\"><strong>(3)<\/strong> Soweit Sie Unternehmer sind, gilt abweichend von den vorstehenden Gew\u00e4hrleistungsregelungen:<\/span><\/p>\n<p><strong>a)\u00a0\u00a0<\/strong>Als Beschaffenheit der Sache gelten nur unsere eigenen Angaben und die Produktbeschreibung des Herstellers als vereinbart, nicht jedoch sonstige Werbung, \u00f6ffentliche Anpreisungen und \u00c4u\u00dferungen des Herstellers.<\/p>\n<p><strong>b)\u00a0 <\/strong>Bei M\u00e4ngeln leisten wir nach unserer Wahl Gew\u00e4hr durch Nachbesserung oder Nachlieferung.\u00a0Schl\u00e4gt die Mangelbeseitigung fehl, k\u00f6nnen Sie nach Ihrer Wahl Minderung verlangen oder vom Vertrag zur\u00fccktreten. Die M\u00e4ngelbeseitigung gilt nach erfolglosem zweiten Versuch als fehlgeschlagen, wenn sich nicht insbesondere aus der Art der Sache oder des Mangels oder den sonstigen Umst\u00e4nden etwas anderes ergibt. Im Falle der Nachbesserung m\u00fcssen wir nicht die erh\u00f6hten Kosten tragen, die durch die Verbringung der Ware an einen anderen Ort als den Erf\u00fcllungsort entstehen, sofern die Verbringung nicht dem bestimmungsgem\u00e4\u00dfen Gebrauch der Ware entspricht.<\/p>\n<p><strong>c) \u00a0<\/strong>Die Gew\u00e4hrleistungsfrist betr\u00e4gt ein Jahr ab Ablieferung der Ware. Die Fristverk\u00fcrzung gilt nicht:<\/p>\n<p><span style=\"font-size: 14px;\">&#8211; f\u00fcr uns zurechenbare schuldhaft verursachte Sch\u00e4den aus der Verletzung des Lebens, des K\u00f6rpers oder der Gesundheit und bei vors\u00e4tzlich oder grob fahrl\u00e4ssig verursachten sonstigen Sch\u00e4den;<\/span><br \/>\n<span style=\"font-size: 14px;\">&#8211; soweit wir den Mangel arglistig verschwiegen oder eine Garantie f\u00fcr die Beschaffenheit der Sache \u00fcbernommen haben;<\/span><br \/>\n<span style=\"font-size: 14px;\">&#8211; bei Sachen, die entsprechend ihrer \u00fcblichen Verwendungsweise f\u00fcr ein Bauwerk verwendet worden sind und dessen Mangelhaftigkeit verursacht haben;<\/span><br \/>\n<span style=\"font-size: 14px;\">&#8211; bei gesetzlichen R\u00fcckgriffsanspr\u00fcchen, die Sie im Zusammenhang mit M\u00e4ngelrechten gegen uns haben.<\/span><\/p>\n<p><strong><span style=\"font-size: 16px;\">\u00a7 5 Rechtswahl<\/span><\/strong><\/p>\n<p><span style=\"font-size: 14px;\"><strong>(1) <\/strong>\u00a0Es gilt deutsches Recht. Bei Verbrauchern gilt diese Rechtswahl nur, soweit hierdurch der durch zwingende Bestimmungen des Rechts des Staates des gew\u00f6hnlichen Aufenthaltes des Verbrauchers gew\u00e4hrte Schutz nicht entzogen wird (G\u00fcnstigkeitsprinzip).<\/span><\/p>\n<p><span style=\"font-size: 14px;\"><strong>(2)<\/strong>\u00a0 Die Bestimmungen des UN-Kaufrechts finden ausdr\u00fccklich keine Anwendung.<\/span><\/p>\n<p><strong><span style=\"font-size: 16px;\">\u00a7 6 Jugendschutz<\/span><\/strong><\/p>\n<p><span style=\"font-size: 14px;\"><strong>(1)<\/strong>\u00a0 Beim Verkauf von Ware, die den Regelungen des Jugendschutzgesetzes unterf\u00e4llt, gehen wir nur Vertragsbeziehungen mit Kunden ein, die das gesetzlich vorgeschriebene Mindestalter erreicht haben.<br \/>\nAuf bestehende Altersbeschr\u00e4nkungen wird in der jeweiligen Artikelbeschreibung hingewiesen.<\/span><\/p>\n<p><span style=\"font-size: 14px;\"><strong>(2)<\/strong>\u00a0 Sie versichern mit Absenden Ihrer Bestellung, das gesetzlich vorgeschriebene Mindestalter erreicht zu haben und dass Ihre Angaben bez\u00fcglich Ihres Namens und Ihrer Adresse richtig sind. Sie sind verpflichtet, daf\u00fcr Sorge zu tragen, dass nur Sie selbst oder solche von Ihnen zur Entgegennahme der Lieferung erm\u00e4chtigte Personen, die das gesetzlich vorgeschriebene Mindestalter erreicht haben, die Ware in Empfang nehmen.<\/span><\/p>\n<p><span style=\"font-size: 14px;\"><strong>(3)<\/strong>\u00a0 Soweit wir aufgrund der gesetzlichen Bestimmungen verpflichtet sind, eine Alterskontrolle vorzunehmen, weisen wir den mit der Lieferung beauftragten Logistikdienstleister an, die Lieferung nur an Personen zu \u00fcbergeben, die das gesetzlich vorgeschriebene Mindestalter erreicht haben, und sich im Zweifelsfall den Personalausweis der die Ware in Empfang nehmenden Person zur Alterskontrolle vorzeigen zu lassen.<\/span><\/p>\n<p><span style=\"font-size: 14px;\"><strong>(4)<\/strong> Soweit wir \u00fcber das gesetzlich vorgeschriebene Mindestalter hinausgehend in der jeweiligen Artikelbeschreibung ausweisen, dass Sie f\u00fcr den Kauf der Ware das 18. Lebensjahr vollendet haben m\u00fcssen, gelten vorstehende Abs\u00e4tze 1-3 mit der Ma\u00dfgabe, dass anstelle des gesetzlich vorgeschriebenen Mindestalters Vollj\u00e4hrigkeit vorliegen muss.<\/span><\/p>\n<p>&nbsp;<\/p>\n<hr \/>\n<p><span style=\"font-size: 14px;\"><br \/>\n<strong><span style=\"font-size: 16px;\">II. Kundeninformationen <\/span><\/strong><\/span><\/p>\n<p><span style=\"font-size: 16px;\"><strong>1. Identit\u00e4t des Verk\u00e4ufers<\/strong><\/span><\/p>\n<p><span style=\"font-size: 14px;\"><span style=\"font-size: 14px;\"><span style=\"font-size: 14px;\"><span style=\"font-size: 14px;\">Die A GmbH<\/span><\/span><\/span><br \/>\nAm M\u00e4rchenwald 1a<br \/>\n15566 Sch\u00f6neiche<br \/>\nDeutschland<br \/>\n<span style=\"font-size: 14px;\">Telefon: <\/span>0160 \/ 160 9028<br \/>\nE-Mail: info@1000liter.de<\/span><\/p>\n<p><span style=\"font-size: 14px;\"><strong>Alternative Streitbeilegung:<\/strong><br \/>\nDie Europ\u00e4ische Kommission stellt eine Plattform f\u00fcr die au\u00dfergerichtliche Online-Streitbeilegung (OS-Plattform) bereit, aufrufbar unter <a href=\"https:\/\/ec.europa.eu\/odr\" target=\"_blank\" rel=\"noopener\">https:\/\/ec.europa.eu\/odr<\/a>.<\/span><\/p>\n<p><strong><span style=\"font-size: 16px;\">2. Informationen zum Zustandekommen des Vertrages<\/span><\/strong><\/p>\n<p><span style=\"font-size: 14px;\">Die technischen Schritte zum Vertragsschluss, der Vertragsschluss selbst und die Korrekturm\u00f6glichkeiten erfolgen nach Ma\u00dfgabe der Regelungen &#8220;Zustandekommen des Vertrages&#8221; unserer Allgemeinen Gesch\u00e4ftsbedingungen (Teil I.).<\/span><\/p>\n<p><span style=\"font-size: 16px;\"><strong>3. Vertragssprache, Vertragstextspeicherung<\/strong><\/span><\/p>\n<p><span style=\"font-size: 14px;\">3.1. Vertragssprache ist deutsch\u00a0<\/span><span style=\"font-size: 14px;\">.<\/span><\/p>\n<p><span style=\"font-size: 14px;\">3.2. Der vollst\u00e4ndige Vertragstext wird von uns nicht gespeichert. Vor Absenden der Bestellung <\/span><span style=\"font-size: 14px;\"> \u00fcber das Online &#8211; Warenkorbsystem <\/span><span style=\"font-size: 14px;\">\u00a0k\u00f6nnen die Vertragsdaten \u00fcber die Druckfunktion des Browsers ausgedruckt oder elektronisch gesichert werden. Nach Zugang der Bestellung bei uns werden die Bestelldaten, die gesetzlich vorgeschriebenen Informationen bei Fernabsatzvertr\u00e4gen und die Allgemeinen Gesch\u00e4ftsbedingungen nochmals per E-Mail an Sie \u00fcbersandt.<\/span><\/p>\n<p><strong><span style=\"font-size: 16px;\">4. Wesentliche Merkmale der Ware oder Dienstleistung<\/span><\/strong><\/p>\n<p><span style=\"font-size: 14px;\">Die wesentlichen Merkmale der Ware und\/oder Dienstleistung finden sich im jeweiligen Angebot.<\/span><\/p>\n<p><strong><span style=\"font-size: 16px;\">5. Preise und Zahlungsmodalit\u00e4ten<\/span><\/strong><\/p>\n<p><span style=\"font-size: 14px;\">5.1. Die in den jeweiligen Angeboten angef\u00fchrten Preise sowie die Versandkosten stellen Gesamtpreise dar. Sie beinhalten alle Preisbestandteile einschlie\u00dflich aller anfallenden Steuern.<\/span><\/p>\n<p><span style=\"font-size: 14px;\">5.2. Die anfallenden Versandkosten sind nicht im Kaufpreis enthalten.\u00a0Sie sind \u00fcber eine entsprechend bezeichnete Schaltfl\u00e4che auf unserer Internetpr\u00e4senz oder im jeweiligen Angebot aufrufbar,\u00a0werden im Laufe des Bestellvorganges gesondert ausgewiesen und sind von Ihnen zus\u00e4tzlich zu tragen, soweit nicht die versandkostenfreie Lieferung zugesagt ist.<\/span><\/p>\n<p><span style=\"font-size: 14px;\">5.3.\u00a0<\/span><span style=\"font-size: 14px;\">Entstandene Kosten der Geld\u00fcbermittlung\u00a0<\/span><span style=\"font-size: 14px;\">(\u00dcberweisungs- oder Wechselkursgeb\u00fchren der Kreditinstitute)\u00a0<\/span><span style=\"font-size: 14px;\">sind von Ihnen\u00a0in den F\u00e4llen zu tragen, in denen die Lieferung in einen EU-Mitgliedsstaat erfolgt, die Zahlung aber au\u00dferhalb der Europ\u00e4ischen Union veranlasst wurde.<\/span><\/p>\n<p><span style=\"font-size: 14px;\">5.4. Die Ihnen zur Verf\u00fcgung stehenden Zahlungsarten <\/span><span style=\"font-size: 14px;\">sind unter einer entsprechend bezeichneten Schaltfl\u00e4che auf unserer Internetpr\u00e4senz oder im jeweiligen Angebot ausgewiesen.<\/span><\/p>\n<p><span style=\"font-size: 14px;\">5.5. Soweit bei den einzelnen Zahlungsarten nicht anders angegeben, sind die Zahlungsanspr\u00fcche aus dem geschlossenen Vertrag sofort zur Zahlung f\u00e4llig.<\/span><\/p>\n<p><strong><span style=\"font-size: 16px;\">6. Lieferbedingungen<\/span><\/strong><\/p>\n<p><span style=\"font-size: 14px;\">6.1. Die Lieferbedingungen, der Liefertermin sowie gegebenenfalls bestehende Lieferbeschr\u00e4nkungen finden sich unter einer entsprechend bezeichneten Schaltfl\u00e4che auf unserer Internetpr\u00e4senz oder im jeweiligen Angebot.<\/span><\/p>\n<p><span style=\"font-size: 14px;\">6.2. Soweit Sie Verbraucher sind ist gesetzlich geregelt, dass die Gefahr des zuf\u00e4lligen Untergangs und der zuf\u00e4lligen Verschlechterung der verkauften Sache w\u00e4hrend der Versendung erst mit der \u00dcbergabe der Ware an Sie \u00fcbergeht, unabh\u00e4ngig davon, ob die Versendung versichert oder unversichert erfolgt. Dies gilt nicht, wenn Sie eigenst\u00e4ndig ein nicht vom Unternehmer benanntes Transportunternehmen oder eine sonst zur Ausf\u00fchrung der Versendung bestimmte Person beauftragt haben. <\/span><\/p>\n<p><span style=\"font-size: 14px;\">Sind Sie Unternehmer, erfolgt die Lieferung und Versendung auf Ihre Gefahr.<\/span><\/p>\n<p><strong><span style=\"font-size: 16px;\">7. Gesetzliches M\u00e4ngelhaftungsrecht <\/span><\/strong><\/p>\n<p><span style=\"font-size: 14px;\">Die M\u00e4ngelhaftung richtet sich nach der Regelung &#8220;Gew\u00e4hrleistung&#8221; in unseren Allgemeinen Gesch\u00e4ftsbedingungen (Teil I). <\/span><\/p>\n<p><span style=\"font-size: 14px;\">Diese AGB und Kundeninformationen wurden von den auf IT-Recht spezialisierten Juristen des H\u00e4ndlerbundes erstellt und werden permanent auf Rechtskonformit\u00e4t gepr\u00fcft. Die H\u00e4ndlerbund Management AG garantiert f\u00fcr die Rechtssicherheit der Texte und haftet im Falle von Abmahnungen. N\u00e4here Informationen dazu finden Sie unter:\u00a0<a href=\"https:\/\/www.haendlerbund.de\/de\/leistungen\/rechtssicherheit\/agb-service\" target=\"_blank\" rel=\"noopener\" data-saferedirecturl=\"https:\/\/www.google.com\/url?q=https:\/\/www.haendlerbund.de\/de\/leistungen\/rechtssicherheit\/agb-service&amp;source=gmail&amp;ust=1595571225131000&amp;usg=AFQjCNFRXstfsBqXtZxEv0RC9XDgevh1EQ\">https:\/\/www.haendlerbund.de\/<wbr \/>de\/leistungen\/<wbr \/>rechtssicherheit\/agb-service<\/a>.<\/span><\/p>\n<p><span style=\"font-size: 14px;\">letzte Aktualisierung: <span style=\"font-size: 14px;\">27.10.2020<\/span><\/span><\/p>\n<p>&nbsp;<\/p>\n","protected":false},"excerpt":{"rendered":"<p>Allgemeine Gesch\u00e4ftsbedingungen und Kundeninformationen I. Allgemeine Gesch\u00e4ftsbedingungen \u00a7 1 Grundlegende Bestimmungen (1) Die nachstehenden Gesch\u00e4ftsbedingungen gelten f\u00fcr Vertr\u00e4ge, die Sie mit uns als Anbieter (Die A GmbH) \u00fcber die Internetseite https:\/\/www.1000liter.de schlie\u00dfen. Soweit nicht anders vereinbart, wird der Einbeziehung gegebenenfalls von Ihnen verwendeter eigener Bedingungen widersprochen. (2) Verbraucher im Sinne der nachstehenden Regelungen ist jede [&#8230;]\n","protected":false},"author":4,"featured_media":0,"parent":0,"menu_order":0,"comment_status":"closed","ping_status":"closed","template":"","meta":{"footnotes":""},"class_list":["post-1799","page","type-page","status-publish","hentry"],"jetpack_sharing_enabled":true,"_links":{"self":[{"href":"https:\/\/www.1000liter.de\/en\/wp-json\/wp\/v2\/pages\/1799","targetHints":{"allow":["GET"]}}],"collection":[{"href":"https:\/\/www.1000liter.de\/en\/wp-json\/wp\/v2\/pages"}],"about":[{"href":"https:\/\/www.1000liter.de\/en\/wp-json\/wp\/v2\/types\/page"}],"author":[{"embeddable":true,"href":"https:\/\/www.1000liter.de\/en\/wp-json\/wp\/v2\/users\/4"}],"replies":[{"embeddable":true,"href":"https:\/\/www.1000liter.de\/en\/wp-json\/wp\/v2\/comments?post=1799"}],"version-history":[{"count":4,"href":"https:\/\/www.1000liter.de\/en\/wp-json\/wp\/v2\/pages\/1799\/revisions"}],"predecessor-version":[{"id":7446,"href":"https:\/\/www.1000liter.de\/en\/wp-json\/wp\/v2\/pages\/1799\/revisions\/7446"}],"wp:attachment":[{"href":"https:\/\/www.1000liter.de\/en\/wp-json\/wp\/v2\/media?parent=1799"}],"curies":[{"name":"wp","href":"https:\/\/api.w.org\/{rel}","templated":true}]}}