{"id":14559,"date":"2025-04-15T11:02:33","date_gmt":"2025-04-15T09:02:33","guid":{"rendered":"https:\/\/www.1000liter.de\/produkt\/pvc-waermeschrumpfschlauch-fuer-akku-18650-20-stueck\/"},"modified":"2026-05-04T03:00:51","modified_gmt":"2026-05-04T01:00:51","slug":"pvc-waermeschrumpfschlauch-fuer-akku-18650-20-stueck","status":"publish","type":"product","link":"https:\/\/www.1000liter.de\/en\/produkt\/pvc-waermeschrumpfschlauch-fuer-akku-18650-20-stueck\/","title":{"rendered":"PVC W\u00e4rmeschrumpfschlauch f\u00fcr Akku 18650 &#8211; 20 St\u00fcck"},"content":{"rendered":"<p id=\"isPasted\">Moinmoin zusammen,<\/p>\n<p>Aus unserer Ladenaufl&ouml;sung aus Frankfurt bieten wir Euch:<\/p>\n<h1>Schrumpfschl&auml;uche in verschiedenen Farben passend f&uuml;r 18650-er Akku Zellen:<\/h1>\n<ul>\n<li>um besch&auml;digte Schutzummantelung zu erneuern oder einen zus&auml;tzlichen Schrumpfschlauch zu verwenden<\/li>\n<\/ul>\n<p><strong>Anwendung:<\/strong><\/p>\n<p>Den Schrumpfschlauch &uuml;ber die Zelle ziehen, so dass an beiden Enden gleich viel &uuml;bersteht. Schrumpfschlauch mit &nbsp;Hilfe einer Hei&szlig;luftpistole oder einer anderen geeigneten W&auml;rmequelle erw&auml;rmen. Erst den Schlauch am Pluspol schrumpfen lassen und dann am Minuspol. Wenn sich der Schlauch an beiden Polen fest sitzt, den Rest der Zelle vorsichtigt erw&auml;rmen.<\/p>\n<h4><strong>Tipps zur Sicherheit:<\/strong><\/h4>\n<p>Schrumpfschlauch und Akku nicht zu sehr erhitzen, da der Schrumpfschlauch bereits bei 80 &deg;C beginnt sich zusammenzuziehen. Die Zelle bitte nicht zu lange erhitzen. Die Zelle und den Schrumpfschlauch bitte nicht in den Backofen oder die Mikrowelle legen. (Brand und Explosionsgefahr)<\/p>\n<p><strong>Lieferumfang:&nbsp;<\/strong><\/p>\n<p>5 x Rot<\/p>\n<p>5 x gelb<\/p>\n<p>5 x wei&szlig;<\/p>\n<p>5 x schwarz<\/p>\n<p>&nbsp;<\/p>\n<p>&nbsp;<\/p>\n","protected":false},"excerpt":{"rendered":"<p id=\"isPasted\">W&auml;rmeschrumpfschlauch<\/p>\n","protected":false},"featured_media":14560,"template":"","meta":[],"product_brand":[],"product_cat":[380],"product_tag":[390,408],"class_list":{"0":"post-14559","1":"product","2":"type-product","3":"status-publish","4":"has-post-thumbnail","6":"product_cat-sonderposten","7":"product_tag-akku-schrumpfschlauch","8":"product_tag-pvc-warmeschrumpfschlauch","9":"product_shipping_class-normales-paket-1kg","11":"first","12":"instock","13":"taxable","14":"shipping-taxable","15":"purchasable","16":"product-type-simple"},"jetpack_sharing_enabled":true,"_links":{"self":[{"href":"https:\/\/www.1000liter.de\/en\/wp-json\/wp\/v2\/product\/14559","targetHints":{"allow":["GET"]}}],"collection":[{"href":"https:\/\/www.1000liter.de\/en\/wp-json\/wp\/v2\/product"}],"about":[{"href":"https:\/\/www.1000liter.de\/en\/wp-json\/wp\/v2\/types\/product"}],"wp:featuredmedia":[{"embeddable":true,"href":"https:\/\/www.1000liter.de\/en\/wp-json\/wp\/v2\/media\/14560"}],"wp:attachment":[{"href":"https:\/\/www.1000liter.de\/en\/wp-json\/wp\/v2\/media?parent=14559"}],"wp:term":[{"taxonomy":"product_brand","embeddable":true,"href":"https:\/\/www.1000liter.de\/en\/wp-json\/wp\/v2\/product_brand?post=14559"},{"taxonomy":"product_cat","embeddable":true,"href":"https:\/\/www.1000liter.de\/en\/wp-json\/wp\/v2\/product_cat?post=14559"},{"taxonomy":"product_tag","embeddable":true,"href":"https:\/\/www.1000liter.de\/en\/wp-json\/wp\/v2\/product_tag?post=14559"}],"curies":[{"name":"wp","href":"https:\/\/api.w.org\/{rel}","templated":true}]}}